{"id":30757,"date":"2025-10-17T23:21:01","date_gmt":"2025-10-17T23:21:01","guid":{"rendered":"https:\/\/bitcube.es\/?post_type=product&#038;p=30757"},"modified":"2025-10-17T23:21:07","modified_gmt":"2025-10-17T23:21:07","slug":"tarjeta-grafica-evga-geforce-rtx-3080-xc3-ultra","status":"publish","type":"product","link":"https:\/\/bitcube.es\/fr\/produit\/tarjeta-grafica-evga-geforce-rtx-3080-xc3-ultra\/","title":{"rendered":"Tarjeta Gr\u00e1fica EVGA GeForce RTX 3080 XC3 ULTRA"},"content":{"rendered":"<p><strong>RTX.\u00a0 IT\u2019S ON.\u00a0<\/strong>Disfruta de los mayores \u00e9xitos de ventas de hoy como nunca antes con la fidelidad visual del trazado de rayos en tiempo real y el rendimiento definitivo de DLSS con tecnolog\u00eda de IA.<\/p>\n<p><strong>LA VICTORIA SE MIDE EN MILISEGUNDOS:\u00a0<\/strong>NVIDIA\u00a0Reflex ofrece la m\u00e1xima ventaja competitiva. La latencia m\u00e1s baja. La mejor capacidad de respuesta. Gracias a las GPU GeForce RTX serie 30 y los monitores NVIDIA<br \/>\n<strong>TU JUEGO CREATIVO:\u00a0\u00a0<\/strong>Lleva tus proyectos creativos a un nuevo nivel con las GPU GeForce RTX serie\u00a030. Ofrece aceleraci\u00f3n por IA en las mejores aplicaciones creativas. Con el soporte de la plataforma NVIDIA Studio de controladores dedicados y herramientas exclusivas. Y creado para obtener resultados en un tiempo r\u00e9cord. Tanto si est\u00e1s renderizando escenas en 3D complejas, editando v\u00eddeo de 8K o retransmitiendo con la mejor codificaci\u00f3n y calidad de imagen, las GPU GeForce\u00a0RTX te ofrecen el rendimiento necesario para tus mejores creaciones.<\/p>\n<p><strong>G-SYNC:\u00a0<\/strong>Adquiere objetivos m\u00e1s r\u00e1pido, reacciona con m\u00e1s rapidez y aumenta la precisi\u00f3n del objetivo con un conjunto revolucionario de tecnolog\u00edas para medir y optimizar la latencia del sistema para los juegos competitivos.<\/p>\n<p><strong>CONVI\u00c9RTETE EN EL REY DE LAS TRANSMISIONES:\u00a0<\/strong>Acapara la atenci\u00f3n de todos gracias a unos gr\u00e1ficos incre\u00edbles y a una transmisi\u00f3n en directo fluida y sin cortes. La codificaci\u00f3n y la decodificaci\u00f3n de hardware de \u00faltima generaci\u00f3n se combinan para que presumas de tus mejores momentos con gran detalle. Y la nueva y completa aplicaci\u00f3n NVIDIA Broadcast te ofrece potentes capacidades de IA para mejorar la calidad de audio y v\u00eddeo con efectos como el fondo virtual, el fotograma autom\u00e1tico de la c\u00e1mara web y la eliminaci\u00f3n de ruido del micr\u00f3fono. As\u00ed, siempre podr\u00e1s dar lo mejor de ti a tu audiencia<\/p>\n<p><strong>ARQUITECTURA NVIDIA AMPERE:\u00a0<\/strong>La nueva arquitectura NVIDIA Ampere ofrece el juego definitivo y presenta los n\u00facleos avanzados de trazado de rayos de segunda generaci\u00f3n y los Tensor Cores de tercera generaci\u00f3n con un rendimiento superior.<\/p>\n<p><strong>ACELERACI\u00d3N POR IA DE DLSS:\u00a0<\/strong>NVIDIA DLSS\u00a0es una renderizaci\u00f3n de IA revolucionaria que aumenta las velocidades de fotogramas con una calidad de imagen sin concesiones utilizando Tensor Cores de procesamiento de IA dedicados en GeForce RTX. Dispondr\u00e1s de margen de rendimiento para establecer los ajustes y las resoluciones necesarias a fin de disfrutar de una experiencia visual incre\u00edble. La revoluci\u00f3n de la IA ha llegado al gaming.<\/p>\n<p><strong>DIRECTX 12 ULTIMATE:\u00a0<\/strong>Los desarrolladores pueden ahora a\u00f1adir efectos gr\u00e1ficos a\u00fan m\u00e1s sorprendentes a los juegos para PC (Microsoft Windows). Las tarjetas gr\u00e1ficas GeForce RTX presentan caracter\u00edsticas avanzadas de DX12 como el trazado de rayos y el sombreado de tasa variable, que dan vida a los juegos con efectos visuales muy realistas y velocidades de fotogramas m\u00e1s r\u00e1pidas.<\/p>\n<h2>Caracter\u00edsticas:<\/h2>\n<ul>\n<li>All-Metal Backplate, Pre-Installed<\/li>\n<li>Built for EVGA Precision X1<\/li>\n<li>2nd Gen Ray Tracing Cores<\/li>\n<li>3rd Gen Tensor Cores<\/li>\n<li>PCI Express\u00ae Gen 4<\/li>\n<li>Microsoft DirectX\u00ae 12 Ultimate<\/li>\n<li>GDDR6X Graphics Memory<\/li>\n<li>NVIDIA DLSS<\/li>\n<li>NVIDIA\u00ae GeForce Experience\u2122<\/li>\n<li>NVIDIA G-SYNC\u00ae<\/li>\n<li>NVIDIA GPU Boost\u2122<\/li>\n<li>Game Ready Drivers<\/li>\n<li>Vulkan RT API, OpenGL 4.6<\/li>\n<li>DisplayPort 1.4a<\/li>\n<li>HDCP 2.3<\/li>\n<li>VR Ready<\/li>\n<li>EVGA iCX3 Cooling<\/li>\n<li>Adjustable ARGB LED<\/li>\n<li>Supports 4K 120Hz HDR, 8K 60Hz HDR and Variable Refresh Rate as specified in HDMI 2.1<\/li>\n<li>7th Gen NVIDIA Encoder<\/li>\n<li>5th Gen NVIDIA Decoder<\/li>\n<li>LHR 52 MH\/s ETH Hash Rate (est.)<\/li>\n<\/ul>\n<h2>Especificaciones:<\/h2>\n<ul>\n<li>NVIDIA RTX 3080 12GB<\/li>\n<li>8960 CUDA Cores<\/li>\n<li>1800 MHz Boost Clock<\/li>\n<li>Memory<\/li>\n<li>12288 MB, 384 bit GDDR6X<\/li>\n<li>19000 MHz (effective)<\/li>\n<li>912 GB\/s Memory Bandwidth<\/li>\n<li>Cooling<\/li>\n<li>iCX3 Technology<\/li>\n<li>LED Logo: ARGB<\/li>\n<li>Interface<\/li>\n<li>PCIe 4.0<\/li>\n<li>HDMI, DisplayPort, DisplayPort, DisplayPort<\/li>\n<li>Dimensions<\/li>\n<li>Height: 5.38 in &#8211; 136.75mm<\/li>\n<li>Length: 11.81 in &#8211; 300mm<\/li>\n<li>Width: 2.75 Slots<\/li>\n<li>Operating System Support<\/li>\n<li>Windows 11<\/li>\n<li>Windows 10<\/li>\n<li>Windows 7<\/li>\n<li>Requirements<\/li>\n<li>Minimum of a 750 Watt power supply.<\/li>\n<li>Three available 8-pin or 6+2pin PCIe power dongles<\/li>\n<li>Total Power Draw : 350 Watts<\/li>\n<\/ul>\n<div class=\"ficha-producto-caracteristicas__compra\">\n<p class=\"text-muted hidden-sm-down m-b-0\">Comprar EVGA GeForce RTX 3080 FTW3 ULTRA GAMING 12GB GDDR6X<img loading=\"lazy\" decoding=\"async\" class=\"alignnone size-medium wp-image-2655\" src=\"https:\/\/www.minandovoy.com\/wp-content\/uploads\/2023\/10\/i3491227396-225x300.webp\" alt=\"\" width=\"225\" height=\"300\" \/><\/p>\n<\/div>","protected":false},"excerpt":{"rendered":"<p>RTX.\u00a0 IT\u2019S ON.\u00a0Disfruta de los mayores \u00e9xitos de ventas de hoy como nunca antes con la fidelidad visual del trazado de rayos en tiempo real y el rendimiento definitivo de DLSS con tecnolog\u00eda de IA. LA VICTORIA SE MIDE EN MILISEGUNDOS:\u00a0NVIDIA\u00a0Reflex ofrece la m\u00e1xima ventaja competitiva. La latencia m\u00e1s baja. La mejor capacidad de respuesta. [&hellip;]<\/p>","protected":false},"featured_media":30425,"comment_status":"open","ping_status":"closed","template":"","meta":[],"product_brand":[],"product_cat":[15],"product_tag":[],"class_list":{"0":"post-30757","1":"product","2":"type-product","3":"status-publish","4":"has-post-thumbnail","6":"product_cat-sin-categorizar","8":"first","9":"instock","10":"sale","11":"shipping-taxable","12":"purchasable","13":"product-type-simple"},"_links":{"self":[{"href":"https:\/\/bitcube.es\/fr\/wp-json\/wp\/v2\/product\/30757","targetHints":{"allow":["GET"]}}],"collection":[{"href":"https:\/\/bitcube.es\/fr\/wp-json\/wp\/v2\/product"}],"about":[{"href":"https:\/\/bitcube.es\/fr\/wp-json\/wp\/v2\/types\/product"}],"replies":[{"embeddable":true,"href":"https:\/\/bitcube.es\/fr\/wp-json\/wp\/v2\/comments?post=30757"}],"wp:featuredmedia":[{"embeddable":true,"href":"https:\/\/bitcube.es\/fr\/wp-json\/wp\/v2\/media\/30425"}],"wp:attachment":[{"href":"https:\/\/bitcube.es\/fr\/wp-json\/wp\/v2\/media?parent=30757"}],"wp:term":[{"taxonomy":"product_brand","embeddable":true,"href":"https:\/\/bitcube.es\/fr\/wp-json\/wp\/v2\/product_brand?post=30757"},{"taxonomy":"product_cat","embeddable":true,"href":"https:\/\/bitcube.es\/fr\/wp-json\/wp\/v2\/product_cat?post=30757"},{"taxonomy":"product_tag","embeddable":true,"href":"https:\/\/bitcube.es\/fr\/wp-json\/wp\/v2\/product_tag?post=30757"}],"curies":[{"name":"wp","href":"https:\/\/api.w.org\/{rel}","templated":true}]}}