{"id":30769,"date":"2025-10-17T23:21:03","date_gmt":"2025-10-17T23:21:03","guid":{"rendered":"https:\/\/bitcube.es\/?post_type=product&#038;p=30769"},"modified":"2025-10-17T23:21:10","modified_gmt":"2025-10-17T23:21:10","slug":"wind-miner-k9-10-5-th-s-kaspa-miner","status":"publish","type":"product","link":"https:\/\/bitcube.es\/fr\/produit\/wind-miner-k9-10-5-th-s-kaspa-miner\/","title":{"rendered":"Wind Miner K9 (10.5 TH\/s) Kaspa Miner"},"content":{"rendered":"<p>El ASIC, Wind Miner K9 10.5\u00a0 TH\/s, es un dispositivo especializado en la miner\u00eda de criptomonedas, dise\u00f1ado espec\u00edficamente para minar Kaspa u otras criptomonedas que utilizan el algoritmo kHeavyHash. Tiene un consumo de 3.400 w\/h.<\/p>\n<ul>\n<li>\n<h3>Qu'est-ce que Kaspa ?<\/h3>\n<p>Kaspa est une crypto-monnaie qui repose sur la technologie blockchain, tout comme le Bitcoin et d'autres crypto-monnaies populaires. En tant que d\u00e9butant, il est important de comprendre qu'une crypto-monnaie est un type de monnaie num\u00e9rique qui utilise la cryptographie pour s\u00e9curiser et v\u00e9rifier les transactions effectu\u00e9es sur son r\u00e9seau.<\/p>\n<p>Kaspa est un r\u00e9seau sp\u00e9cialement con\u00e7u pour r\u00e9pondre \u00e0 certains d\u00e9fis et limitations observ\u00e9s dans d'autres crypto-monnaies. L'une des principales caract\u00e9ristiques de Kaspa est son algorithme de consensus, appel\u00e9 kPoW (Kaspa Proof of Work), qui garantit la s\u00e9curit\u00e9 et la fiabilit\u00e9 du r\u00e9seau.<\/p>\n<p>L'une des diff\u00e9rences significatives de Kaspa par rapport \u00e0 d'autres crypto-monnaies est sa capacit\u00e9 \u00e0 \u00e9voluer efficacement. Cela signifie que Kaspa peut traiter un plus grand nombre de transactions par seconde et se d\u00e9velopper plus efficacement \u00e0 mesure que de nouveaux utilisateurs rejoignent le r\u00e9seau. Cette \u00e9volutivit\u00e9 am\u00e9liore la vitesse et l'efficacit\u00e9 des transactions, ce qui peut \u00eatre b\u00e9n\u00e9fique pour l'adoption g\u00e9n\u00e9ralis\u00e9e des crypto-monnaies.<\/p>\n<p>En outre, Kaspa est consid\u00e9r\u00e9 comme un r\u00e9seau d\u00e9centralis\u00e9 et open source, ce qui signifie qu'il n'est pas contr\u00f4l\u00e9 par une autorit\u00e9 centrale et que tout le monde peut acc\u00e9der \u00e0 son code source et contribuer au d\u00e9veloppement de la plateforme.<\/li>\n<\/ul>","protected":false},"excerpt":{"rendered":"<p>El ASIC, Wind Miner K9 10.5\u00a0 TH\/s, es un dispositivo especializado en la miner\u00eda de criptomonedas, dise\u00f1ado espec\u00edficamente para minar Kaspa u otras criptomonedas que utilizan el algoritmo kHeavyHash. Tiene un consumo de 3.400 w\/h. \u00bfQu\u00e9 es Kaspa? Kaspa es una criptomoneda que se basa en la tecnolog\u00eda blockchain, al igual que Bitcoin y otras [&hellip;]<\/p>","protected":false},"featured_media":30328,"comment_status":"open","ping_status":"closed","template":"","meta":[],"product_brand":[],"product_cat":[19],"product_tag":[282,139],"class_list":{"0":"post-30769","1":"product","2":"type-product","3":"status-publish","4":"has-post-thumbnail","6":"product_cat-mineros","7":"product_tag-gme","8":"product_tag-mineros-para-expertos","10":"first","11":"outofstock","12":"shipping-taxable","13":"purchasable","14":"product-type-simple"},"_links":{"self":[{"href":"https:\/\/bitcube.es\/fr\/wp-json\/wp\/v2\/product\/30769","targetHints":{"allow":["GET"]}}],"collection":[{"href":"https:\/\/bitcube.es\/fr\/wp-json\/wp\/v2\/product"}],"about":[{"href":"https:\/\/bitcube.es\/fr\/wp-json\/wp\/v2\/types\/product"}],"replies":[{"embeddable":true,"href":"https:\/\/bitcube.es\/fr\/wp-json\/wp\/v2\/comments?post=30769"}],"wp:featuredmedia":[{"embeddable":true,"href":"https:\/\/bitcube.es\/fr\/wp-json\/wp\/v2\/media\/30328"}],"wp:attachment":[{"href":"https:\/\/bitcube.es\/fr\/wp-json\/wp\/v2\/media?parent=30769"}],"wp:term":[{"taxonomy":"product_brand","embeddable":true,"href":"https:\/\/bitcube.es\/fr\/wp-json\/wp\/v2\/product_brand?post=30769"},{"taxonomy":"product_cat","embeddable":true,"href":"https:\/\/bitcube.es\/fr\/wp-json\/wp\/v2\/product_cat?post=30769"},{"taxonomy":"product_tag","embeddable":true,"href":"https:\/\/bitcube.es\/fr\/wp-json\/wp\/v2\/product_tag?post=30769"}],"curies":[{"name":"wp","href":"https:\/\/api.w.org\/{rel}","templated":true}]}}