{"id":30798,"date":"2025-10-17T23:21:20","date_gmt":"2025-10-17T23:21:20","guid":{"rendered":"https:\/\/bitcube.es\/?post_type=product&#038;p=30798"},"modified":"2025-10-17T23:21:27","modified_gmt":"2025-10-17T23:21:27","slug":"iceriver-ks5l-minero-asic-de-alto-rendimiento-para-criptomonedas","status":"publish","type":"product","link":"https:\/\/bitcube.es\/fr\/produit\/iceriver-ks5l-minero-asic-de-alto-rendimiento-para-criptomonedas\/","title":{"rendered":"IceRiver KS5L : Miner ASIC haute performance pour les crypto-monnaies"},"content":{"rendered":"<p>Este nuevo dispositivo alcanza una tasa de hash de <strong>12\/11\/10 th\u00a0<\/strong> por segundo (Th\/s). La eficiencia energ\u00e9tica tambi\u00e9n es un aspecto destacado del KS5, con<strong> <b>3400<\/b>W<\/strong> .<\/p>\n<p>Esta el la maquina mas potente de Ice river hasta la fecha<\/p>\n<p>El lanzamiento del KS5L representa un hito importante tanto para Ice River como para Kaspa. Aunque Kaspa es una criptomoneda relativamente nueva, ha logrado una posici\u00f3n s\u00f3lida en la industria en muy poco tiempo. La tasa de hash de Kaspa se triplic\u00f3 en el primer trimestre de 2023. Hacia finales del a\u00f1o pasado, despu\u00e9s de la fusi\u00f3n de Ethereum, se convirti\u00f3 en una de las criptomonedas m\u00e1s rentables para minar con tarjetas gr\u00e1ficas (GPUs).<\/p>\n<p>[asicminer_widget miner=\u00bbiceriver\/ks5l\u00bb]<\/p>\n<h3>Qu'est-ce que Kaspa ?<\/h3>\n<p>Kaspa est une crypto-monnaie qui repose sur la technologie blockchain, tout comme le Bitcoin et d'autres crypto-monnaies populaires. En tant que d\u00e9butant, il est important de comprendre qu'une crypto-monnaie est un type de monnaie num\u00e9rique qui utilise la cryptographie pour s\u00e9curiser et v\u00e9rifier les transactions effectu\u00e9es sur son r\u00e9seau.<\/p>\n<p>Kaspa est un r\u00e9seau sp\u00e9cialement con\u00e7u pour r\u00e9pondre \u00e0 certains d\u00e9fis et limitations observ\u00e9s dans d'autres crypto-monnaies. L'une des principales caract\u00e9ristiques de Kaspa est son algorithme de consensus, appel\u00e9 kPoW (Kaspa Proof of Work), qui garantit la s\u00e9curit\u00e9 et la fiabilit\u00e9 du r\u00e9seau.<\/p>\n<p>L'une des diff\u00e9rences significatives de Kaspa par rapport \u00e0 d'autres crypto-monnaies est sa capacit\u00e9 \u00e0 \u00e9voluer efficacement. Cela signifie que Kaspa peut traiter un plus grand nombre de transactions par seconde et se d\u00e9velopper plus efficacement \u00e0 mesure que de nouveaux utilisateurs rejoignent le r\u00e9seau. Cette \u00e9volutivit\u00e9 am\u00e9liore la vitesse et l'efficacit\u00e9 des transactions, ce qui peut \u00eatre b\u00e9n\u00e9fique pour l'adoption g\u00e9n\u00e9ralis\u00e9e des crypto-monnaies.<\/p>\n<p>En outre, Kaspa est consid\u00e9r\u00e9 comme un r\u00e9seau d\u00e9centralis\u00e9 et open source, ce qui signifie qu'il n'est pas contr\u00f4l\u00e9 par une autorit\u00e9 centrale et que tout le monde peut acc\u00e9der \u00e0 son code source et contribuer au d\u00e9veloppement de la plateforme.<\/p>","protected":false},"excerpt":{"rendered":"<p>Este nuevo dispositivo alcanza una tasa de hash de 12\/11\/10 th\u00a0 por segundo (Th\/s). La eficiencia energ\u00e9tica tambi\u00e9n es un aspecto destacado del KS5, con 3400W . Esta el la maquina mas potente de Ice river hasta la fecha El lanzamiento del KS5L representa un hito importante tanto para Ice River como para Kaspa. Aunque [&hellip;]<\/p>","protected":false},"featured_media":30519,"comment_status":"open","ping_status":"closed","template":"","meta":[],"product_brand":[],"product_cat":[19],"product_tag":[282,138,139],"class_list":{"0":"post-30798","1":"product","2":"type-product","3":"status-publish","4":"has-post-thumbnail","6":"product_cat-mineros","7":"product_tag-gme","8":"product_tag-mineros-para-avanzados","9":"product_tag-mineros-para-expertos","11":"first","12":"outofstock","13":"shipping-taxable","14":"purchasable","15":"product-type-simple"},"_links":{"self":[{"href":"https:\/\/bitcube.es\/fr\/wp-json\/wp\/v2\/product\/30798","targetHints":{"allow":["GET"]}}],"collection":[{"href":"https:\/\/bitcube.es\/fr\/wp-json\/wp\/v2\/product"}],"about":[{"href":"https:\/\/bitcube.es\/fr\/wp-json\/wp\/v2\/types\/product"}],"replies":[{"embeddable":true,"href":"https:\/\/bitcube.es\/fr\/wp-json\/wp\/v2\/comments?post=30798"}],"wp:featuredmedia":[{"embeddable":true,"href":"https:\/\/bitcube.es\/fr\/wp-json\/wp\/v2\/media\/30519"}],"wp:attachment":[{"href":"https:\/\/bitcube.es\/fr\/wp-json\/wp\/v2\/media?parent=30798"}],"wp:term":[{"taxonomy":"product_brand","embeddable":true,"href":"https:\/\/bitcube.es\/fr\/wp-json\/wp\/v2\/product_brand?post=30798"},{"taxonomy":"product_cat","embeddable":true,"href":"https:\/\/bitcube.es\/fr\/wp-json\/wp\/v2\/product_cat?post=30798"},{"taxonomy":"product_tag","embeddable":true,"href":"https:\/\/bitcube.es\/fr\/wp-json\/wp\/v2\/product_tag?post=30798"}],"curies":[{"name":"wp","href":"https:\/\/api.w.org\/{rel}","templated":true}]}}