{"id":30815,"date":"2025-10-17T23:21:33","date_gmt":"2025-10-17T23:21:33","guid":{"rendered":"https:\/\/bitcube.es\/?post_type=product&#038;p=30815"},"modified":"2025-10-17T23:21:41","modified_gmt":"2025-10-17T23:21:41","slug":"antminer-e9-pro-3-68gh","status":"publish","type":"product","link":"https:\/\/bitcube.es\/fr\/produit\/antminer-e9-pro-3-68gh\/","title":{"rendered":"Antminer E9 PRO 3.68Gh"},"content":{"rendered":"<p>Les <b>Mineur de fourmis<\/b> E9 3.68Gh de <b>Bitmain<\/b>sp\u00e9cialis\u00e9e dans le minage d'Ethereum Classic, est plus performante que n'importe quelle autre <a href=\"https:\/\/www.minandovoy.com\/categoria\/rigs-de-gpu\/\" target=\"_blank\" rel=\"noopener\">GPU<\/a>.\u00a0<b>\u00a0<\/b>Cet ASIC est d\u00e9di\u00e9 \u00e0 l'extraction de <a href=\"https:\/\/www.minandovoy.com\/categoria\/mineros\/?algoritmos=ethash\" target=\"_blank\" rel=\"noopener\">Ethash<\/a>, tiene una potencia de minado de 3680MHs y un consumo de 2200w\/h.<\/p>\n<div class=\"jnews_inline_related_post_wrapper right\">\n<div class=\"jnews_inline_related_post\">\n<div class=\"jeg_postblock_21 jeg_postblock jeg_module_hook jeg_pagination_disable jeg_col_2o3 jnews_module_337080_0_6385e584c0f23\" data-unique=\"jnews_module_337080_0_6385e584c0f23\">\n<div class=\"jeg_block_heading jeg_block_heading_5 jeg_subcat_right\">[asicminer_widget miner=\u00bbbitmain\/antminer-e9-pro-3-68gh\u00bb]<\/div>\n<\/div>\n<\/div>\n<\/div>\n<h3><b>Qu'est-ce que Bitmain ?<\/b><\/h3>\n<p><em>Bitmain<\/em> es una compa\u00f1\u00eda con sede en Beijing, China. Se considera una de las compa\u00f1\u00edas m\u00e1s importantes en la industria de criptomonedas al generar hardware de miner\u00eda de alta calidad, con enormes capacidades mineras y por sus avances tecnol\u00f3gicos. Es la dise\u00f1adora m\u00e1s grande del mundo de equipos <em>ASIC<\/em>\u00a0pour l'exploitation mini\u00e8re\u00a0<em>Bitcoin<\/em>.<\/p>\n<p>Bitmain est surtout connue pour son mat\u00e9riel Bitcoin, bien qu'elle s'int\u00e9resse \u00e0 des projets qui apportent de la solidit\u00e9 \u00e0 son activit\u00e9, comme Ethereum\/Ethereum Classic.<\/p>\n<h3><strong><a href=\"https:\/\/coinmarketcap.com\/es\/currencies\/ethereum-classic\/\" target=\"_blank\" rel=\"noopener\">Ethereum classic<\/a> vs Ethereum :<\/strong><\/h3>\n<p>Cette crypto-monnaie a \u00e9t\u00e9 lanc\u00e9e en juillet 2016, et sa fonction principale est de servir de r\u00e9seau de<br \/>\ndes contrats intelligents, avec la possibilit\u00e9 de stocker et de prendre en charge des Dapps.<br \/>\nDesde que se lanz\u00f3 esta Cripto, ha intentado diferenciarse de su hermano mayor, ya<br \/>\nqu'elle a pour objectif de pr\u00e9server l'int\u00e9grit\u00e9 de la blockchain existante de l'ETH.<\/p>\n<p>&nbsp;<\/p>\n<p>Cliquez ici <a href=\"https:\/\/www.youtube.com\/watch?v=BtF49i6Glnc\" target=\"_blank\" rel=\"noopener\">ici<\/a> de conna\u00eetre la diff\u00e9rence entre un ASIC et un RIG.<\/p>","protected":false},"excerpt":{"rendered":"<p>El Antminer E9 3.68Gh de Bitmain, especializado en minar Ethereum Classic, tiene un rendimiento mayor que cualquier GPU.\u00a0\u00a0Este ASIC dedicado a la miner\u00eda de Ethash, tiene una potencia de minado de 3680MHs y un consumo de 2200w\/h. [asicminer_widget miner=\u00bbbitmain\/antminer-e9-pro-3-68gh\u00bb] \u00bfQu\u00e9 es Bitmain? Bitmain es una compa\u00f1\u00eda con sede en Beijing, China. Se considera una de [&hellip;]<\/p>","protected":false},"featured_media":30421,"comment_status":"open","ping_status":"closed","template":"","meta":[],"product_brand":[],"product_cat":[19],"product_tag":[52,29,282,138],"class_list":{"0":"post-30815","1":"product","2":"type-product","3":"status-publish","4":"has-post-thumbnail","6":"product_cat-mineros","7":"product_tag-asic","8":"product_tag-ethereum","9":"product_tag-gme","10":"product_tag-mineros-para-avanzados","12":"first","13":"instock","14":"featured","15":"shipping-taxable","16":"purchasable","17":"product-type-simple"},"_links":{"self":[{"href":"https:\/\/bitcube.es\/fr\/wp-json\/wp\/v2\/product\/30815","targetHints":{"allow":["GET"]}}],"collection":[{"href":"https:\/\/bitcube.es\/fr\/wp-json\/wp\/v2\/product"}],"about":[{"href":"https:\/\/bitcube.es\/fr\/wp-json\/wp\/v2\/types\/product"}],"replies":[{"embeddable":true,"href":"https:\/\/bitcube.es\/fr\/wp-json\/wp\/v2\/comments?post=30815"}],"wp:featuredmedia":[{"embeddable":true,"href":"https:\/\/bitcube.es\/fr\/wp-json\/wp\/v2\/media\/30421"}],"wp:attachment":[{"href":"https:\/\/bitcube.es\/fr\/wp-json\/wp\/v2\/media?parent=30815"}],"wp:term":[{"taxonomy":"product_brand","embeddable":true,"href":"https:\/\/bitcube.es\/fr\/wp-json\/wp\/v2\/product_brand?post=30815"},{"taxonomy":"product_cat","embeddable":true,"href":"https:\/\/bitcube.es\/fr\/wp-json\/wp\/v2\/product_cat?post=30815"},{"taxonomy":"product_tag","embeddable":true,"href":"https:\/\/bitcube.es\/fr\/wp-json\/wp\/v2\/product_tag?post=30815"}],"curies":[{"name":"wp","href":"https:\/\/api.w.org\/{rel}","templated":true}]}}