{"id":30832,"date":"2025-10-17T23:21:36","date_gmt":"2025-10-17T23:21:36","guid":{"rendered":"https:\/\/bitcube.es\/?post_type=product&#038;p=30832"},"modified":"2025-10-17T23:23:20","modified_gmt":"2025-10-17T23:23:20","slug":"goldshell-e-al1m","status":"publish","type":"product","link":"https:\/\/bitcube.es\/fr\/produit\/goldshell-e-al1m\/","title":{"rendered":"Goldshell E-AL1M"},"content":{"rendered":"<p>Les<strong> Goldshell E-AL1M<\/strong> cuenta con un hashrate de 4.4Th. Dise\u00f1ado para la miner\u00eda de monedas<strong> ALPH<\/strong>, el minero ASIC Goldshell E-AL1M <strong>4.4Th\/s 1.100W<\/strong> destaca por su eficiencia para las operaciones mineras dom\u00e9sticas. Su combinaci\u00f3n de rendimiento potente y eficiencia energ\u00e9tica lo convierte en una opci\u00f3n excelente para quienes buscan mejorar la rentabilidad y al mismo tiempo reducir los gastos operativos.<\/p>\n<p>[asicminer_widget miner=\u00bbgoldshell\/e-al1m\u00bb]<\/p>\n<p>Sp\u00e9cifications<br \/>\nFabricante: Goldshell<br \/>\nModelo: E-AL1M<br \/>\nTambi\u00e9n conocido como: Goldshell E-AL1M &#8211; ALPH (Alephium) Miner<br \/>\nFecha de lanzamiento: Septiembre 2024<br \/>\nTama\u00f1o: 443 x 360 x 135 mm<br \/>\nPeso: 18,5 Kg<br \/>\nNivel de ruido:45 db<br \/>\nTasa de hash: 4.4 TH<br \/>\nConsumo: 1.100 W<br \/>\nConexi\u00f3n: Ethernet<br \/>\nTemperatura de operaci\u00f3n: 0 &#8211; 35 \u00b0C<\/p>","protected":false},"excerpt":{"rendered":"<p>El Goldshell E-AL1M cuenta con un hashrate de 4.4Th. Dise\u00f1ado para la miner\u00eda de monedas ALPH, el minero ASIC Goldshell E-AL1M 4.4Th\/s 1.100W destaca por su eficiencia para las operaciones mineras dom\u00e9sticas. Su combinaci\u00f3n de rendimiento potente y eficiencia energ\u00e9tica lo convierte en una opci\u00f3n excelente para quienes buscan mejorar la rentabilidad y al mismo [&hellip;]<\/p>","protected":false},"featured_media":30863,"comment_status":"open","ping_status":"closed","template":"","meta":[],"product_brand":[],"product_cat":[19],"product_tag":[282,53,138,137],"class_list":{"0":"post-30832","1":"product","2":"type-product","3":"status-publish","4":"has-post-thumbnail","6":"product_cat-mineros","7":"product_tag-gme","8":"product_tag-goldshell-miner","9":"product_tag-mineros-para-avanzados","10":"product_tag-mineros-para-principiantes","12":"first","13":"outofstock","14":"sale","15":"featured","16":"shipping-taxable","17":"purchasable","18":"product-type-simple"},"_links":{"self":[{"href":"https:\/\/bitcube.es\/fr\/wp-json\/wp\/v2\/product\/30832","targetHints":{"allow":["GET"]}}],"collection":[{"href":"https:\/\/bitcube.es\/fr\/wp-json\/wp\/v2\/product"}],"about":[{"href":"https:\/\/bitcube.es\/fr\/wp-json\/wp\/v2\/types\/product"}],"replies":[{"embeddable":true,"href":"https:\/\/bitcube.es\/fr\/wp-json\/wp\/v2\/comments?post=30832"}],"wp:featuredmedia":[{"embeddable":true,"href":"https:\/\/bitcube.es\/fr\/wp-json\/wp\/v2\/media\/30863"}],"wp:attachment":[{"href":"https:\/\/bitcube.es\/fr\/wp-json\/wp\/v2\/media?parent=30832"}],"wp:term":[{"taxonomy":"product_brand","embeddable":true,"href":"https:\/\/bitcube.es\/fr\/wp-json\/wp\/v2\/product_brand?post=30832"},{"taxonomy":"product_cat","embeddable":true,"href":"https:\/\/bitcube.es\/fr\/wp-json\/wp\/v2\/product_cat?post=30832"},{"taxonomy":"product_tag","embeddable":true,"href":"https:\/\/bitcube.es\/fr\/wp-json\/wp\/v2\/product_tag?post=30832"}],"curies":[{"name":"wp","href":"https:\/\/api.w.org\/{rel}","templated":true}]}}