{"id":30844,"date":"2025-10-17T23:22:58","date_gmt":"2025-10-17T23:22:58","guid":{"rendered":"https:\/\/bitcube.es\/?post_type=product&#038;p=30844"},"modified":"2025-10-17T23:23:32","modified_gmt":"2025-10-17T23:23:32","slug":"asic-iceriver-ks2-lite-kaspa-kas-2-th-s","status":"publish","type":"product","link":"https:\/\/bitcube.es\/fr\/produit\/asic-iceriver-ks2-lite-kaspa-kas-2-th-s\/","title":{"rendered":"ASIC ICERIVER KS2 LITE KASPA (KAS) \u2013 2 TH\/s"},"content":{"rendered":"<p>Les\u00a0<strong>Iceriver Ks2 Lite(2Th) de Iceriver\u00a0 <\/strong>es un minero ASIC de alta gama, dise\u00f1ado espec\u00edficamente para el algoritmo <b>kHeavyHash<\/b>\u00a0. Con un hashrate m\u00e1ximo de\u00a0<strong>2 Th\/s<\/strong>\u00a0y un consumo de energ\u00eda de\u00a0<strong>500w<\/strong>, esta m\u00e1quina se posiciona como una de las m\u00e1s eficientes y rentables del mercado. Ideal para quienes buscan maximizar sus ingresos en la miner\u00eda de criptomonedas. Este modelo estar\u00e1 disponible por primera vez en<strong> Noviembre de 2024.<br \/>\n<\/strong><\/p>\n<p>[asicminer_widget miner=\u00bbiceriver\/ks2-lite\u00bb]<\/p>\n<h4>Sp\u00e9cifications<\/h4>\n<ul>\n<li><strong>Fabricante:<\/strong> Iceriver<\/li>\n<li><strong>Modelo:<\/strong> \u00a0Iceriver Ks2 Lite(2Th Kaspa Miner (2Th\/s)<\/li>\n<li><strong>Tambi\u00e9n conocido como:<\/strong> IceRiver KS2 Lite<\/li>\n<li><strong>Lanzamiento:<\/strong> Octubre2024<\/li>\n<li><strong>Tama\u00f1o:<\/strong> 198 x 201 x 110 (mm)<\/li>\n<li><strong>Peso:<\/strong> 5000g<\/li>\n<li><strong>Nivel de ruido:<\/strong> 75 db<\/li>\n<li><strong>Refrigeraci\u00f3n:<\/strong> Aire<\/li>\n<li><strong>Ventiladores:<\/strong> 4<\/li>\n<li><strong>Consumo de energ\u00eda:<\/strong> 500W<\/li>\n<li><strong>Interfaz:<\/strong> Ethernet<\/li>\n<li><strong>Temperatura de operaci\u00f3n:<\/strong> 5 &#8211; 45 \u00b0C<\/li>\n<li><strong>Humedad:<\/strong> 5 &#8211; 95%<\/li>\n<\/ul>\n<p>\u00a1Optimiza tus operaciones mineras con el <strong>Iceriver Ks2 Lite(2Th) <\/strong> y aprovecha al m\u00e1ximo su potencia y eficiencia!<\/p>","protected":false},"excerpt":{"rendered":"<p>El\u00a0Iceriver Ks2 Lite(2Th) de Iceriver\u00a0 es un minero ASIC de alta gama, dise\u00f1ado espec\u00edficamente para el algoritmo kHeavyHash\u00a0. Con un hashrate m\u00e1ximo de\u00a02 Th\/s\u00a0y un consumo de energ\u00eda de\u00a0500w, esta m\u00e1quina se posiciona como una de las m\u00e1s eficientes y rentables del mercado. Ideal para quienes buscan maximizar sus ingresos en la miner\u00eda de criptomonedas. [&hellip;]<\/p>","protected":false},"featured_media":30879,"comment_status":"open","ping_status":"closed","template":"","meta":[],"product_brand":[],"product_cat":[19],"product_tag":[52,282,137],"class_list":{"0":"post-30844","1":"product","2":"type-product","3":"status-publish","4":"has-post-thumbnail","6":"product_cat-mineros","7":"product_tag-asic","8":"product_tag-gme","9":"product_tag-mineros-para-principiantes","10":"product_shipping_class-internacional","12":"first","13":"outofstock","14":"shipping-taxable","15":"purchasable","16":"product-type-simple"},"_links":{"self":[{"href":"https:\/\/bitcube.es\/fr\/wp-json\/wp\/v2\/product\/30844","targetHints":{"allow":["GET"]}}],"collection":[{"href":"https:\/\/bitcube.es\/fr\/wp-json\/wp\/v2\/product"}],"about":[{"href":"https:\/\/bitcube.es\/fr\/wp-json\/wp\/v2\/types\/product"}],"replies":[{"embeddable":true,"href":"https:\/\/bitcube.es\/fr\/wp-json\/wp\/v2\/comments?post=30844"}],"wp:featuredmedia":[{"embeddable":true,"href":"https:\/\/bitcube.es\/fr\/wp-json\/wp\/v2\/media\/30879"}],"wp:attachment":[{"href":"https:\/\/bitcube.es\/fr\/wp-json\/wp\/v2\/media?parent=30844"}],"wp:term":[{"taxonomy":"product_brand","embeddable":true,"href":"https:\/\/bitcube.es\/fr\/wp-json\/wp\/v2\/product_brand?post=30844"},{"taxonomy":"product_cat","embeddable":true,"href":"https:\/\/bitcube.es\/fr\/wp-json\/wp\/v2\/product_cat?post=30844"},{"taxonomy":"product_tag","embeddable":true,"href":"https:\/\/bitcube.es\/fr\/wp-json\/wp\/v2\/product_tag?post=30844"}],"curies":[{"name":"wp","href":"https:\/\/api.w.org\/{rel}","templated":true}]}}