{"id":30901,"date":"2025-10-17T23:23:49","date_gmt":"2025-10-17T23:23:49","guid":{"rendered":"https:\/\/bitcube.es\/?post_type=product&#038;p=30901"},"modified":"2025-10-17T23:24:08","modified_gmt":"2025-10-17T23:24:08","slug":"jasminer-x16-q-pro-2-05gh","status":"publish","type":"product","link":"https:\/\/bitcube.es\/fr\/produit\/jasminer-x16-q-pro-2-05gh\/","title":{"rendered":"JASMINER X16-Q PRO 2.05GH"},"content":{"rendered":"<p>JASMINER X16-Q Pro est\u00e1 equipado con el motor inteligente de alto rendimiento desarrollado por JASMINER, basado en el chip aritm\u00e9tico de alto rendimiento de \u00abalmacenamiento e inform\u00e1tica\u00bb l\u00edder en el mundo, construido espec\u00edficamente para redes blockchain \u00abgigantes complejas\u00bb.<\/p>\n<p>Requiere solo 520w\u00b110% del consumo de energ\u00eda para obtener 2050MH\/s\u00b110% de tasa de hash ultraalta, lo que proporciona un nuevo rendimiento para reducir costos y aumentar la eficiencia para aplicaciones como uso dom\u00e9stico, sala de servidores IDC o sitios profesionales. Con m\u00faltiples ventajas, como alta potencia y bajo consumo, f\u00e1cil implementaci\u00f3n, silencio y respeto al medio ambiente, brinda a los clientes una experiencia absolutamente c\u00f3moda.<\/p>\n<p>[asicminer_widget miner=\u00bbjasminer\/x16-q-pro\u00bb]<\/p>\n<p>&nbsp;<\/p>\n<p>&nbsp;<\/p>","protected":false},"excerpt":{"rendered":"<p>JASMINER X16-Q Pro est\u00e1 equipado con el motor inteligente de alto rendimiento desarrollado por JASMINER, basado en el chip aritm\u00e9tico de alto rendimiento de \u00abalmacenamiento e inform\u00e1tica\u00bb l\u00edder en el mundo, construido espec\u00edficamente para redes blockchain \u00abgigantes complejas\u00bb. Requiere solo 520w\u00b110% del consumo de energ\u00eda para obtener 2050MH\/s\u00b110% de tasa de hash ultraalta, lo que [&hellip;]<\/p>","protected":false},"featured_media":30923,"comment_status":"open","ping_status":"closed","template":"","meta":[],"product_brand":[],"product_cat":[19],"product_tag":[282,138,137],"class_list":{"0":"post-30901","1":"product","2":"type-product","3":"status-publish","4":"has-post-thumbnail","6":"product_cat-mineros","7":"product_tag-gme","8":"product_tag-mineros-para-avanzados","9":"product_tag-mineros-para-principiantes","11":"first","12":"outofstock","13":"shipping-taxable","14":"purchasable","15":"product-type-simple"},"_links":{"self":[{"href":"https:\/\/bitcube.es\/fr\/wp-json\/wp\/v2\/product\/30901","targetHints":{"allow":["GET"]}}],"collection":[{"href":"https:\/\/bitcube.es\/fr\/wp-json\/wp\/v2\/product"}],"about":[{"href":"https:\/\/bitcube.es\/fr\/wp-json\/wp\/v2\/types\/product"}],"replies":[{"embeddable":true,"href":"https:\/\/bitcube.es\/fr\/wp-json\/wp\/v2\/comments?post=30901"}],"wp:featuredmedia":[{"embeddable":true,"href":"https:\/\/bitcube.es\/fr\/wp-json\/wp\/v2\/media\/30923"}],"wp:attachment":[{"href":"https:\/\/bitcube.es\/fr\/wp-json\/wp\/v2\/media?parent=30901"}],"wp:term":[{"taxonomy":"product_brand","embeddable":true,"href":"https:\/\/bitcube.es\/fr\/wp-json\/wp\/v2\/product_brand?post=30901"},{"taxonomy":"product_cat","embeddable":true,"href":"https:\/\/bitcube.es\/fr\/wp-json\/wp\/v2\/product_cat?post=30901"},{"taxonomy":"product_tag","embeddable":true,"href":"https:\/\/bitcube.es\/fr\/wp-json\/wp\/v2\/product_tag?post=30901"}],"curies":[{"name":"wp","href":"https:\/\/api.w.org\/{rel}","templated":true}]}}