{"id":30968,"date":"2025-10-17T23:24:44","date_gmt":"2025-10-17T23:24:44","guid":{"rendered":"https:\/\/bitcube.es\/?post_type=product&#038;p=30968"},"modified":"2025-10-17T23:25:25","modified_gmt":"2025-10-17T23:25:25","slug":"canaan-avalon-nano-3s","status":"publish","type":"product","link":"https:\/\/bitcube.es\/fr\/produit\/canaan-avalon-nano-3s\/","title":{"rendered":"Canaan Avalon Nano 3S"},"content":{"rendered":"<p>El Canaan Avalon Nano 3S es un minero ASIC compacto y eficiente, dise\u00f1ado para la miner\u00eda de criptomonedas basadas en el algoritmo SHA-256, como Bitcoin (BTC). Con una tasa de hash de 6 TH\/s y un consumo energ\u00e9tico de 140W, ofrece una soluci\u00f3n equilibrada para quienes buscan iniciarse en la miner\u00eda desde casa.\u200b<\/p>\n<p>[asicminer_widget miner=\u00bbcanaan\/avalon-nano-3S\u00bb]<\/p>\n<h2 class=\"\" data-start=\"202\" data-end=\"233\">\ud83d\udd27 Especificaciones T\u00e9cnicas<\/h2>\n<table class=\"w-full\">\n<tbody>\n<tr class=\"odd:bg-transparent even:bg-gray-1 odd:dark:bg-transparent even:dark:bg-black\/80\">\n<td class=\"min-w-40 py-1 pl-2\">Fabricant<\/td>\n<td class=\"pr-2 text-right\">Canaan<\/td>\n<\/tr>\n<tr class=\"odd:bg-transparent even:bg-gray-1 odd:dark:bg-transparent even:dark:bg-black\/80\">\n<td class=\"min-w-40 py-1 pl-2\">Mod\u00e8le<\/td>\n<td class=\"pr-2 text-right\">Avalon Nano 3S<\/td>\n<\/tr>\n<tr class=\"odd:bg-transparent even:bg-gray-1 odd:dark:bg-transparent even:dark:bg-black\/80\">\n<td class=\"min-w-40 py-1 pl-2\">Tambi\u00e9n conocido como<\/td>\n<td class=\"pr-2 text-right\">Canaan Avalon Nano 3S Home Miner<\/td>\n<\/tr>\n<tr class=\"odd:bg-transparent even:bg-gray-1 odd:dark:bg-transparent even:dark:bg-black\/80\">\n<td class=\"min-w-40 py-1 pl-2\">Lancement<\/td>\n<td class=\"pr-2 text-right\">Jan 2025<\/td>\n<\/tr>\n<tr class=\"odd:bg-transparent even:bg-gray-1 odd:dark:bg-transparent even:dark:bg-black\/80\">\n<td class=\"min-w-40 py-1 pl-2\">Tama\u00f1o<\/td>\n<td class=\"pr-2 text-right\">205 x 115 x 58mm<\/td>\n<\/tr>\n<tr class=\"odd:bg-transparent even:bg-gray-1 odd:dark:bg-transparent even:dark:bg-black\/80\">\n<td class=\"min-w-40 py-1 pl-2\">Poids<\/td>\n<td class=\"pr-2 text-right\">860g<\/td>\n<\/tr>\n<tr class=\"odd:bg-transparent even:bg-gray-1 odd:dark:bg-transparent even:dark:bg-black\/80\">\n<td class=\"min-w-40 py-1 pl-2\">Tama\u00f1o del chip<\/td>\n<td class=\"pr-2 text-right\">4nm<\/td>\n<\/tr>\n<tr class=\"odd:bg-transparent even:bg-gray-1 odd:dark:bg-transparent even:dark:bg-black\/80\">\n<td class=\"min-w-40 py-1 pl-2\">Cantidad de chips<\/td>\n<td class=\"pr-2 text-right\">12<\/td>\n<\/tr>\n<tr class=\"odd:bg-transparent even:bg-gray-1 odd:dark:bg-transparent even:dark:bg-black\/80\">\n<td class=\"min-w-40 py-1 pl-2\">Nivel de ruido<\/td>\n<td class=\"pr-2 text-right\">40dB<\/td>\n<\/tr>\n<tr class=\"odd:bg-transparent even:bg-gray-1 odd:dark:bg-transparent even:dark:bg-black\/80\">\n<td class=\"min-w-40 py-1 pl-2\">Puissance<\/td>\n<td class=\"pr-2 text-right\">140W<\/td>\n<\/tr>\n<tr class=\"odd:bg-transparent even:bg-gray-1 odd:dark:bg-transparent even:dark:bg-black\/80\">\n<td class=\"min-w-40 py-1 pl-2\">Tension<\/td>\n<td class=\"pr-2 text-right\">28V 5A<\/td>\n<\/tr>\n<tr class=\"odd:bg-transparent even:bg-gray-1 odd:dark:bg-transparent even:dark:bg-black\/80\">\n<td class=\"min-w-40 py-1 pl-2\">Interface<\/td>\n<td class=\"pr-2 text-right\">Ethernet \/ WiFi<\/td>\n<\/tr>\n<\/tbody>\n<\/table>","protected":false},"excerpt":{"rendered":"<p>El Canaan Avalon Nano 3S es un minero ASIC compacto y eficiente, dise\u00f1ado para la miner\u00eda de criptomonedas basadas en el algoritmo SHA-256, como Bitcoin (BTC). Con una tasa de hash de 6 TH\/s y un consumo energ\u00e9tico de 140W, ofrece una soluci\u00f3n equilibrada para quienes buscan iniciarse en la miner\u00eda desde casa.\u200b [asicminer_widget miner=\u00bbcanaan\/avalon-nano-3S\u00bb] [&hellip;]<\/p>","protected":false},"featured_media":31006,"comment_status":"open","ping_status":"closed","template":"","meta":[],"product_brand":[],"product_cat":[19],"product_tag":[282,137,344],"class_list":{"0":"post-30968","1":"product","2":"type-product","3":"status-publish","4":"has-post-thumbnail","6":"product_cat-mineros","7":"product_tag-gme","8":"product_tag-mineros-para-principiantes","9":"product_tag-top-ventas","11":"first","12":"instock","13":"shipping-taxable","14":"purchasable","15":"product-type-simple"},"_links":{"self":[{"href":"https:\/\/bitcube.es\/fr\/wp-json\/wp\/v2\/product\/30968","targetHints":{"allow":["GET"]}}],"collection":[{"href":"https:\/\/bitcube.es\/fr\/wp-json\/wp\/v2\/product"}],"about":[{"href":"https:\/\/bitcube.es\/fr\/wp-json\/wp\/v2\/types\/product"}],"replies":[{"embeddable":true,"href":"https:\/\/bitcube.es\/fr\/wp-json\/wp\/v2\/comments?post=30968"}],"wp:featuredmedia":[{"embeddable":true,"href":"https:\/\/bitcube.es\/fr\/wp-json\/wp\/v2\/media\/31006"}],"wp:attachment":[{"href":"https:\/\/bitcube.es\/fr\/wp-json\/wp\/v2\/media?parent=30968"}],"wp:term":[{"taxonomy":"product_brand","embeddable":true,"href":"https:\/\/bitcube.es\/fr\/wp-json\/wp\/v2\/product_brand?post=30968"},{"taxonomy":"product_cat","embeddable":true,"href":"https:\/\/bitcube.es\/fr\/wp-json\/wp\/v2\/product_cat?post=30968"},{"taxonomy":"product_tag","embeddable":true,"href":"https:\/\/bitcube.es\/fr\/wp-json\/wp\/v2\/product_tag?post=30968"}],"curies":[{"name":"wp","href":"https:\/\/api.w.org\/{rel}","templated":true}]}}