{"id":31001,"date":"2025-10-17T23:25:12","date_gmt":"2025-10-17T23:25:12","guid":{"rendered":"https:\/\/bitcube.es\/?post_type=product&#038;p=31001"},"modified":"2025-10-17T23:27:51","modified_gmt":"2025-10-17T23:27:51","slug":"volcminer-d1-hydro-33gh","status":"publish","type":"product","link":"https:\/\/bitcube.es\/fr\/produit\/volcminer-d1-hydro-33gh\/","title":{"rendered":"VolcMiner D1 Hydro (33Gh)"},"content":{"rendered":"<p>El VolcMiner D1 Hydro (33Gh) es un minero ASIC especializado en el algoritmo Scrypt, dise\u00f1ado para la miner\u00eda de criptomonedas como Dogecoin (DOGE) y Litecoin (LTC). Ofrece una tasa de hash m\u00e1xima de 33Gh\/s y consume 9300W de potencia, lo que se traduce en una eficiencia energ\u00e9tica de 0.282J\/Mh.<\/p>\n<p>Garant\u00eda total de 1 a\u00f1o. Protege tanto piezas como mano de obra y te da acceso a nuestro soporte t\u00e9cnico especializado. Ante cualquier incidencia, solo tienes que abrir un ticket en tu \u00e1rea de cliente: nos ocupamos de la reparaci\u00f3n o sustituci\u00f3n sin coste a\u00f1adido.<\/p>\n<p>[asicminer_widget miner=\u00bbvolcminer\/d1-hydro-33gh\u00bb]<\/p>\n<p><strong>Reserva con pago parcial<br \/>\n<\/strong>\u00a0Realiza tu reserva abonando el <strong>precio de reserva<\/strong> que indicamos en la web para asegurar tu unidad de Asic. El <strong>resto del importe<\/strong> se deber\u00e1 abonar <strong>en su totalidad<\/strong> en el <strong>momento de la entrega<\/strong>, momento en el que procesaremos el env\u00edo y recibir\u00e1s tu producto.<\/p>\n<ul>\n<li><strong>Precio de reserva:<\/strong> el importe indicado como reserva.<\/li>\n<li><strong>Pago final:<\/strong> abono del resto del precio al confirmar la entrega.<\/li>\n<li><strong>Plazo de entrega:<\/strong> una vez completado el pago total, recibir\u00e1s tu producto en un plazo de <strong>15 a 20 d\u00edas laborables<\/strong>.<\/li>\n<li><strong>Responsabilidad en aduanas:<\/strong> los cargos aduaneros correr\u00e1n a nuestro cargo, pero no nos hacemos responsables de posibles <strong>retrasos<\/strong> derivados de los tr\u00e1mites de aduanas.<\/li>\n<li><strong>Nota:<\/strong> hasta que no se complete el pago total, el producto no ser\u00e1 expedido ni entregado.<\/li>\n<\/ul>\n<p><em>Reserva tu equipo hoy y garantiza tu Asic sin riesgo de quedarte sin stock.<\/em><\/p>\n<div id=\"preventa\" style=\"background: #050756; border-left: 6px solid white; color: white; padding: 16px 20px; margin: 20px 0; border-radius: 8px; font-family: revert; box-shadow: 3px 1px 0px 5px rgb(0 69 255 \/ 33%); transition: transform 0.5s ease-in-out, box-shadow 0.5s ease-in-out;\"><center><strong>\u00a1Preventa exclusiva disponible! \ud83e\udd11<\/strong><\/center><br \/>\n<center>Este producto se encuentra en <strong>precompra<\/strong> y saldr\u00e1 de f\u00e1brica a <strong>inicios de Enero<\/strong>. Las primeras entregas comenzar\u00e1n a finales de Enero. \u00a1Asegura el tuyo hoy y <strong>s\u00e9 de los primeros<\/strong> en recibirlo! \ud83d\ude0a<\/center><\/div>\n<div class=\"mb-4\">\n<h3 class=\"\" data-start=\"166\" data-end=\"198\">\ud83d\udd27 Especificaciones T\u00e9cnicas<\/h3>\n<\/div>\n<table class=\"w-full\">\n<tbody>\n<tr class=\"odd:bg-transparent even:bg-gray-1 odd:dark:bg-transparent even:dark:bg-black\/80\">\n<td class=\"min-w-40 py-1 pl-2\">Fabricant<\/td>\n<td class=\"pr-2 text-right\">VolcMiner<\/td>\n<\/tr>\n<tr class=\"odd:bg-transparent even:bg-gray-1 odd:dark:bg-transparent even:dark:bg-black\/80\">\n<td class=\"min-w-40 py-1 pl-2\">Mod\u00e8le<\/td>\n<td class=\"pr-2 text-right\">D1 Hydro (33Gh)<\/td>\n<\/tr>\n<tr class=\"odd:bg-transparent even:bg-gray-1 odd:dark:bg-transparent even:dark:bg-black\/80\">\n<td class=\"min-w-40 py-1 pl-2\">Tambi\u00e9n conocido como<\/td>\n<td class=\"pr-2 text-right\">VolcMiner D1 Hydro (33Gh)<\/td>\n<\/tr>\n<tr class=\"odd:bg-transparent even:bg-gray-1 odd:dark:bg-transparent even:dark:bg-black\/80\">\n<td class=\"min-w-40 py-1 pl-2\">Lancement<\/td>\n<td class=\"pr-2 text-right\">Jun 2025<\/td>\n<\/tr>\n<tr class=\"odd:bg-transparent even:bg-gray-1 odd:dark:bg-transparent even:dark:bg-black\/80\">\n<td class=\"min-w-40 py-1 pl-2\">Tama\u00f1o<\/td>\n<td class=\"pr-2 text-right\">655 x 445 x 90mm<\/td>\n<\/tr>\n<tr class=\"odd:bg-transparent even:bg-gray-1 odd:dark:bg-transparent even:dark:bg-black\/80\">\n<td class=\"min-w-40 py-1 pl-2\">Poids<\/td>\n<td class=\"pr-2 text-right\">28600g<\/td>\n<\/tr>\n<tr class=\"odd:bg-transparent even:bg-gray-1 odd:dark:bg-transparent even:dark:bg-black\/80\">\n<td class=\"min-w-40 py-1 pl-2\">Nivel de ruido<\/td>\n<td class=\"pr-2 text-right\">50dB<\/td>\n<\/tr>\n<tr class=\"odd:bg-transparent even:bg-gray-1 odd:dark:bg-transparent even:dark:bg-black\/80\">\n<td class=\"min-w-40 py-1 pl-2\">Puissance<\/td>\n<td class=\"pr-2 text-right\">9300W<\/td>\n<\/tr>\n<tr class=\"odd:bg-transparent even:bg-gray-1 odd:dark:bg-transparent even:dark:bg-black\/80\">\n<td class=\"min-w-40 py-1 pl-2\">Interface<\/td>\n<td class=\"pr-2 text-right\">Ethernet<\/td>\n<\/tr>\n<tr class=\"odd:bg-transparent even:bg-gray-1 odd:dark:bg-transparent even:dark:bg-black\/80\">\n<td class=\"min-w-40 py-1 pl-2\">Temp\u00e9rature<\/td>\n<td class=\"pr-2 text-right\">5 &#8211; 45 \u00b0C<\/td>\n<\/tr>\n<tr class=\"odd:bg-transparent even:bg-gray-1 odd:dark:bg-transparent even:dark:bg-black\/80\">\n<td class=\"min-w-40 py-1 pl-2\">Humidit\u00e9<\/td>\n<td class=\"pr-2 text-right\">5 &#8211; 95 %<\/td>\n<\/tr>\n<\/tbody>\n<\/table>","protected":false},"excerpt":{"rendered":"<p>El VolcMiner D1 Hydro (33Gh) es un minero ASIC especializado en el algoritmo Scrypt, dise\u00f1ado para la miner\u00eda de criptomonedas como Dogecoin (DOGE) y Litecoin (LTC). Ofrece una tasa de hash m\u00e1xima de 33Gh\/s y consume 9300W de potencia, lo que se traduce en una eficiencia energ\u00e9tica de 0.282J\/Mh. Garant\u00eda total de 1 a\u00f1o. Protege [&hellip;]<\/p>","protected":false},"featured_media":31038,"comment_status":"open","ping_status":"closed","template":"","meta":[],"product_brand":[],"product_cat":[19],"product_tag":[282,139],"class_list":{"0":"post-31001","1":"product","2":"type-product","3":"status-publish","4":"has-post-thumbnail","6":"product_cat-mineros","7":"product_tag-gme","8":"product_tag-mineros-para-expertos","10":"first","11":"instock","12":"shipping-taxable","13":"purchasable","14":"product-type-variable","15":"has-default-attributes"},"_links":{"self":[{"href":"https:\/\/bitcube.es\/fr\/wp-json\/wp\/v2\/product\/31001","targetHints":{"allow":["GET"]}}],"collection":[{"href":"https:\/\/bitcube.es\/fr\/wp-json\/wp\/v2\/product"}],"about":[{"href":"https:\/\/bitcube.es\/fr\/wp-json\/wp\/v2\/types\/product"}],"replies":[{"embeddable":true,"href":"https:\/\/bitcube.es\/fr\/wp-json\/wp\/v2\/comments?post=31001"}],"wp:featuredmedia":[{"embeddable":true,"href":"https:\/\/bitcube.es\/fr\/wp-json\/wp\/v2\/media\/31038"}],"wp:attachment":[{"href":"https:\/\/bitcube.es\/fr\/wp-json\/wp\/v2\/media?parent=31001"}],"wp:term":[{"taxonomy":"product_brand","embeddable":true,"href":"https:\/\/bitcube.es\/fr\/wp-json\/wp\/v2\/product_brand?post=31001"},{"taxonomy":"product_cat","embeddable":true,"href":"https:\/\/bitcube.es\/fr\/wp-json\/wp\/v2\/product_cat?post=31001"},{"taxonomy":"product_tag","embeddable":true,"href":"https:\/\/bitcube.es\/fr\/wp-json\/wp\/v2\/product_tag?post=31001"}],"curies":[{"name":"wp","href":"https:\/\/api.w.org\/{rel}","templated":true}]}}