{"id":31148,"date":"2025-10-17T23:27:34","date_gmt":"2025-10-17T23:27:34","guid":{"rendered":"https:\/\/bitcube.es\/?post_type=product&#038;p=31148"},"modified":"2025-10-17T23:27:45","modified_gmt":"2025-10-17T23:27:45","slug":"auradine-teraflux-ah3880","status":"publish","type":"product","link":"https:\/\/bitcube.es\/fr\/produit\/auradine-teraflux-ah3880\/","title":{"rendered":"Auradine Teraflux AH3880"},"content":{"rendered":"<div class=\"mb-4\">\n<p>El Auradine Teraflux AH3880 es un minero ASIC dise\u00f1ado para operar con el algoritmo SHA-256, enfocado en la miner\u00eda de Bitcoin (BTC). Ofrece una tasa de hash m\u00e1xima de 600Th\/s con un consumo energ\u00e9tico de 8700W, lo que se traduce en una eficiencia de 14.5\/Th.<\/p>\n<p>[asicminer_widget miner=\u00bbauradine\/teraflux-ah3880&#8243;]<\/p>\n<h3 class=\"\" data-start=\"166\" data-end=\"198\">\ud83d\udd27 Especificaciones T\u00e9cnicas<\/h3>\n<\/div>\n<table class=\"w-full\">\n<tbody>\n<tr class=\"odd:bg-transparent even:bg-gray-1 odd:dark:bg-transparent even:dark:bg-black\/80\">\n<td class=\"min-w-40 py-1 pl-2\">Fabricant<\/td>\n<td class=\"pr-2 text-right\">Auradine<\/td>\n<\/tr>\n<tr class=\"odd:bg-transparent even:bg-gray-1 odd:dark:bg-transparent even:dark:bg-black\/80\">\n<td class=\"min-w-40 py-1 pl-2\">Mod\u00e8le<\/td>\n<td class=\"pr-2 text-right\">Teraflux AH3880<\/td>\n<\/tr>\n<tr class=\"odd:bg-transparent even:bg-gray-1 odd:dark:bg-transparent even:dark:bg-black\/80\">\n<td class=\"min-w-40 py-1 pl-2\">Lancement<\/td>\n<td class=\"pr-2 text-right\">Mar 2025<\/td>\n<\/tr>\n<tr class=\"odd:bg-transparent even:bg-gray-1 odd:dark:bg-transparent even:dark:bg-black\/80\">\n<td class=\"min-w-40 py-1 pl-2\">Tama\u00f1o<\/td>\n<td class=\"pr-2 text-right\">350 x 200 x 100mm<\/td>\n<\/tr>\n<tr class=\"odd:bg-transparent even:bg-gray-1 odd:dark:bg-transparent even:dark:bg-black\/80\">\n<td class=\"min-w-40 py-1 pl-2\">Poids<\/td>\n<td class=\"pr-2 text-right\">15500g<\/td>\n<\/tr>\n<tr class=\"odd:bg-transparent even:bg-gray-1 odd:dark:bg-transparent even:dark:bg-black\/80\">\n<td class=\"min-w-40 py-1 pl-2\">Tama\u00f1o del chip<\/td>\n<td class=\"pr-2 text-right\">3nm<\/td>\n<\/tr>\n<tr class=\"odd:bg-transparent even:bg-gray-1 odd:dark:bg-transparent even:dark:bg-black\/80\">\n<td class=\"min-w-40 py-1 pl-2\">Nivel de ruido<\/td>\n<td class=\"pr-2 text-right\">35dB<\/td>\n<\/tr>\n<tr class=\"odd:bg-transparent even:bg-gray-1 odd:dark:bg-transparent even:dark:bg-black\/80\">\n<td class=\"min-w-40 py-1 pl-2\">Puissance<\/td>\n<td class=\"pr-2 text-right\">8700W<\/td>\n<\/tr>\n<tr class=\"odd:bg-transparent even:bg-gray-1 odd:dark:bg-transparent even:dark:bg-black\/80\">\n<td class=\"min-w-40 py-1 pl-2\">Tension<\/td>\n<td class=\"pr-2 text-right\">100\u2013250V AC<\/td>\n<\/tr>\n<tr class=\"odd:bg-transparent even:bg-gray-1 odd:dark:bg-transparent even:dark:bg-black\/80\">\n<td class=\"min-w-40 py-1 pl-2\">Interface<\/td>\n<td class=\"pr-2 text-right\">Ethernet<\/td>\n<\/tr>\n<tr class=\"odd:bg-transparent even:bg-gray-1 odd:dark:bg-transparent even:dark:bg-black\/80\">\n<td class=\"min-w-40 py-1 pl-2\">Temp\u00e9rature<\/td>\n<td class=\"pr-2 text-right\">5 &#8211; 45 \u00b0C<\/td>\n<\/tr>\n<tr class=\"odd:bg-transparent even:bg-gray-1 odd:dark:bg-transparent even:dark:bg-black\/80\">\n<td class=\"min-w-40 py-1 pl-2\">Humidit\u00e9<\/td>\n<td class=\"pr-2 text-right\">5 &#8211; 95 %<\/td>\n<\/tr>\n<\/tbody>\n<\/table>","protected":false},"excerpt":{"rendered":"<p>El Auradine Teraflux AH3880 es un minero ASIC dise\u00f1ado para operar con el algoritmo SHA-256, enfocado en la miner\u00eda de Bitcoin (BTC). Ofrece una tasa de hash m\u00e1xima de 600Th\/s con un consumo energ\u00e9tico de 8700W, lo que se traduce en una eficiencia de 14.5\/Th. [asicminer_widget miner=\u00bbauradine\/teraflux-ah3880&#8243;] \ud83d\udd27 Especificaciones T\u00e9cnicas Fabricante Auradine Modelo Teraflux AH3880 [&hellip;]<\/p>","protected":false},"featured_media":31163,"comment_status":"open","ping_status":"closed","template":"","meta":[],"product_brand":[],"product_cat":[19],"product_tag":[282,139],"class_list":{"0":"post-31148","1":"product","2":"type-product","3":"status-publish","4":"has-post-thumbnail","6":"product_cat-mineros","7":"product_tag-gme","8":"product_tag-mineros-para-expertos","10":"first","11":"instock","12":"shipping-taxable","13":"purchasable","14":"product-type-simple"},"_links":{"self":[{"href":"https:\/\/bitcube.es\/fr\/wp-json\/wp\/v2\/product\/31148","targetHints":{"allow":["GET"]}}],"collection":[{"href":"https:\/\/bitcube.es\/fr\/wp-json\/wp\/v2\/product"}],"about":[{"href":"https:\/\/bitcube.es\/fr\/wp-json\/wp\/v2\/types\/product"}],"replies":[{"embeddable":true,"href":"https:\/\/bitcube.es\/fr\/wp-json\/wp\/v2\/comments?post=31148"}],"wp:featuredmedia":[{"embeddable":true,"href":"https:\/\/bitcube.es\/fr\/wp-json\/wp\/v2\/media\/31163"}],"wp:attachment":[{"href":"https:\/\/bitcube.es\/fr\/wp-json\/wp\/v2\/media?parent=31148"}],"wp:term":[{"taxonomy":"product_brand","embeddable":true,"href":"https:\/\/bitcube.es\/fr\/wp-json\/wp\/v2\/product_brand?post=31148"},{"taxonomy":"product_cat","embeddable":true,"href":"https:\/\/bitcube.es\/fr\/wp-json\/wp\/v2\/product_cat?post=31148"},{"taxonomy":"product_tag","embeddable":true,"href":"https:\/\/bitcube.es\/fr\/wp-json\/wp\/v2\/product_tag?post=31148"}],"curies":[{"name":"wp","href":"https:\/\/api.w.org\/{rel}","templated":true}]}}