{"id":31181,"date":"2025-10-17T23:27:56","date_gmt":"2025-10-17T23:27:56","guid":{"rendered":"https:\/\/bitcube.es\/?post_type=product&#038;p=31181"},"modified":"2025-10-17T23:28:00","modified_gmt":"2025-10-17T23:28:00","slug":"reserva-bitmain-antminer-l11-hyd-6u-33gh","status":"publish","type":"product","link":"https:\/\/bitcube.es\/fr\/produit\/reserva-bitmain-antminer-l11-hyd-6u-33gh\/","title":{"rendered":"Reserva Bitmain Antminer L11 Hyd 6U (33Gh)"},"content":{"rendered":"<article class=\"text-token-text-primary w-full focus:outline-none scroll-mt-[calc(var(--header-height)+min(200px,max(70px,20svh)))]\" dir=\"auto\" data-turn-id=\"68c60a06-c51e-4038-b7a3-7c089f361ad9\" data-testid=\"conversation-turn-138\" data-scroll-anchor=\"true\" data-turn=\"assistant\">\n<div class=\"text-base my-auto mx-auto pb-10 [--thread-content-margin:--spacing(4)] @[37rem]:[--thread-content-margin:--spacing(6)] @[72rem]:[--thread-content-margin:--spacing(16)] px-(--thread-content-margin)\">\n<div class=\"[--thread-content-max-width:32rem] @[34rem]:[--thread-content-max-width:40rem] @[64rem]:[--thread-content-max-width:48rem] mx-auto max-w-(--thread-content-max-width) flex-1 group\/turn-messages focus-visible:outline-hidden relative flex w-full min-w-0 flex-col agent-turn\">\n<div class=\"flex max-w-full flex-col grow\">\n<div class=\"min-h-8 text-message relative flex w-full flex-col items-end gap-2 text-start break-words whitespace-normal [.text-message+&amp;]:mt-5\" dir=\"auto\" data-message-author-role=\"assistant\" data-message-id=\"c78d9e3b-d2fd-43e9-a48c-5daa2847221c\" data-message-model-slug=\"gpt-5\">\n<div class=\"flex w-full flex-col gap-1 empty:hidden first:pt-[3px]\">\n<div class=\"markdown prose dark:prose-invert w-full break-words dark markdown-new-styling\">\n<p data-start=\"0\" data-end=\"332\" data-is-last-node=\"\" data-is-only-node=\"\">El Bitmain Antminer L11 Hyd 6U (33Gh) es un minero ASIC creado para trabajar con el algoritmo Scrypt, orientado principalmente a la miner\u00eda de Dogecoin (DOGE) y Litecoin (LTC). Alcanza una potencia de minado de hasta 33Gh\/s con un consumo de 5676W, lo que se traduce en una eficiencia energ\u00e9tica de 0.172 J\/Mh.<\/p>\n<p>Garant\u00eda total de 1 a\u00f1o. Protege tanto piezas como mano de obra y te da acceso a nuestro soporte t\u00e9cnico especializado. Ante cualquier incidencia, solo tienes que abrir un ticket en tu \u00e1rea de cliente: nos ocupamos de la reparaci\u00f3n o sustituci\u00f3n sin coste a\u00f1adido.<\/p>\n<div id=\"preventa\" style=\"background: #050756; border-left: 6px solid white; color: white; padding: 16px 20px; margin: 20px 0; border-radius: 8px; font-family: revert;\"><strong>\u00a1Reserva exclusiva disponible! \ud83e\udd11<\/strong><br \/>\nReserva con pago parcial<br \/>\nRealiza tu reserva abonando el precio de reserva que indicamos en la web para asegurar tu unidad de Asic. El resto del importe se deber\u00e1 abonar en su totalidad en el momento de la entrega, momento en el que procesaremos el env\u00edo y recibir\u00e1s tu producto.Precio de reserva: el importe indicado como reserva.<br \/>\nPago final: abono del resto del precio al confirmar la entrega.<br \/>\nPlazo de entrega: una vez completado el pago total, recibir\u00e1s tu producto en un plazo de 15 a 20 d\u00edas laborables.Responsabilidad en aduanas: los cargos aduaneros correr\u00e1n a nuestro cargo, pero no nos hacemos responsables de posibles retrasos derivados de los tr\u00e1mites de aduanas.<br \/>\nNota: hasta que no se complete el pago total, el producto no ser\u00e1 expedido ni entregado.<\/p>\n<\/div>\n<\/div>\n<h3 class=\"\" data-start=\"166\" data-end=\"198\">\ud83d\udd27 Especificaciones T\u00e9cnicas<\/h3>\n<table class=\"w-full\">\n<tbody>\n<tr class=\"odd:bg-transparent even:bg-gray-1 odd:dark:bg-transparent even:dark:bg-black\/80\">\n<td class=\"min-w-40 py-1 pl-2\">Fabricant<\/td>\n<td class=\"pr-2 text-right\">Bitmain<\/td>\n<\/tr>\n<tr class=\"odd:bg-transparent even:bg-gray-1 odd:dark:bg-transparent even:dark:bg-black\/80\">\n<td class=\"min-w-40 py-1 pl-2\">Mod\u00e8le<\/td>\n<td class=\"pr-2 text-right\">Antminer L11 Hyd 6U (33Gh)<\/td>\n<\/tr>\n<tr class=\"odd:bg-transparent even:bg-gray-1 odd:dark:bg-transparent even:dark:bg-black\/80\">\n<td class=\"min-w-40 py-1 pl-2\">Tambi\u00e9n conocido como<\/td>\n<td class=\"pr-2 text-right\">Bitmain Antminer L11.HU6<\/td>\n<\/tr>\n<tr class=\"odd:bg-transparent even:bg-gray-1 odd:dark:bg-transparent even:dark:bg-black\/80\">\n<td class=\"min-w-40 py-1 pl-2\">Lancement<\/td>\n<td class=\"pr-2 text-right\">Oct 2025<\/td>\n<\/tr>\n<tr class=\"odd:bg-transparent even:bg-gray-1 odd:dark:bg-transparent even:dark:bg-black\/80\">\n<td class=\"min-w-40 py-1 pl-2\">Nivel de ruido<\/td>\n<td class=\"pr-2 text-right\">50dB<\/td>\n<\/tr>\n<tr class=\"odd:bg-transparent even:bg-gray-1 odd:dark:bg-transparent even:dark:bg-black\/80\">\n<td class=\"min-w-40 py-1 pl-2\">Refrigeraci\u00f3n<\/td>\n<td class=\"pr-2 text-right\">Hydro cooling<\/td>\n<\/tr>\n<tr class=\"odd:bg-transparent even:bg-gray-1 odd:dark:bg-transparent even:dark:bg-black\/80\">\n<td class=\"min-w-40 py-1 pl-2\">Puissance<\/td>\n<td class=\"pr-2 text-right\">5676W<\/td>\n<\/tr>\n<tr class=\"odd:bg-transparent even:bg-gray-1 odd:dark:bg-transparent even:dark:bg-black\/80\">\n<td class=\"min-w-40 py-1 pl-2\">Formato rack<\/td>\n<td class=\"pr-2 text-right\">6U<\/td>\n<\/tr>\n<tr class=\"odd:bg-transparent even:bg-gray-1 odd:dark:bg-transparent even:dark:bg-black\/80\">\n<td class=\"min-w-40 py-1 pl-2\">Interface<\/td>\n<td class=\"pr-2 text-right\">Ethernet<\/td>\n<\/tr>\n<tr class=\"odd:bg-transparent even:bg-gray-1 odd:dark:bg-transparent even:dark:bg-black\/80\">\n<td class=\"min-w-40 py-1 pl-2\">Temp\u00e9rature<\/td>\n<td class=\"pr-2 text-right\">5 &#8211; 45 \u00b0C<\/td>\n<\/tr>\n<tr class=\"odd:bg-transparent even:bg-gray-1 odd:dark:bg-transparent even:dark:bg-black\/80\">\n<td class=\"min-w-40 py-1 pl-2\">Humidit\u00e9<\/td>\n<td class=\"pr-2 text-right\">5 &#8211; 95 %<\/td>\n<\/tr>\n<\/tbody>\n<\/table>\n<\/div>\n<\/div>\n<\/div>\n<\/div>\n<\/div>\n<\/article>","protected":false},"excerpt":{"rendered":"<p>El Bitmain Antminer L11 Hyd 6U (33Gh) es un minero ASIC creado para trabajar con el algoritmo Scrypt, orientado principalmente a la miner\u00eda de Dogecoin (DOGE) y Litecoin (LTC). Alcanza una potencia de minado de hasta 33Gh\/s con un consumo de 5676W, lo que se traduce en una eficiencia energ\u00e9tica de 0.172 J\/Mh. Garant\u00eda total [&hellip;]<\/p>","protected":false},"featured_media":31194,"comment_status":"open","ping_status":"closed","template":"","meta":[],"product_brand":[],"product_cat":[19],"product_tag":[282,139,378],"class_list":{"0":"post-31181","1":"product","2":"type-product","3":"status-publish","4":"has-post-thumbnail","6":"product_cat-mineros","7":"product_tag-gme","8":"product_tag-mineros-para-expertos","9":"product_tag-top-rentables","11":"first","12":"onbackorder","13":"shipping-taxable","14":"purchasable","15":"product-type-simple"},"_links":{"self":[{"href":"https:\/\/bitcube.es\/fr\/wp-json\/wp\/v2\/product\/31181","targetHints":{"allow":["GET"]}}],"collection":[{"href":"https:\/\/bitcube.es\/fr\/wp-json\/wp\/v2\/product"}],"about":[{"href":"https:\/\/bitcube.es\/fr\/wp-json\/wp\/v2\/types\/product"}],"replies":[{"embeddable":true,"href":"https:\/\/bitcube.es\/fr\/wp-json\/wp\/v2\/comments?post=31181"}],"wp:featuredmedia":[{"embeddable":true,"href":"https:\/\/bitcube.es\/fr\/wp-json\/wp\/v2\/media\/31194"}],"wp:attachment":[{"href":"https:\/\/bitcube.es\/fr\/wp-json\/wp\/v2\/media?parent=31181"}],"wp:term":[{"taxonomy":"product_brand","embeddable":true,"href":"https:\/\/bitcube.es\/fr\/wp-json\/wp\/v2\/product_brand?post=31181"},{"taxonomy":"product_cat","embeddable":true,"href":"https:\/\/bitcube.es\/fr\/wp-json\/wp\/v2\/product_cat?post=31181"},{"taxonomy":"product_tag","embeddable":true,"href":"https:\/\/bitcube.es\/fr\/wp-json\/wp\/v2\/product_tag?post=31181"}],"curies":[{"name":"wp","href":"https:\/\/api.w.org\/{rel}","templated":true}]}}